{"id":131,"date":"2023-03-28T19:30:21","date_gmt":"2023-03-28T18:30:21","guid":{"rendered":"https:\/\/agtitan.hu\/?page_id=131"},"modified":"2023-08-02T10:22:26","modified_gmt":"2023-08-02T08:22:26","slug":"cookie-tajekoztato","status":"publish","type":"page","link":"https:\/\/agtitan.hu\/en\/cookie-tajekoztato\/","title":{"rendered":"Cookie Policy"},"content":{"rendered":"","protected":false},"excerpt":{"rendered":"","protected":false},"author":2,"featured_media":0,"parent":0,"menu_order":0,"comment_status":"closed","ping_status":"closed","template":"","meta":{"_acf_changed":false,"inline_featured_image":false,"footnotes":""},"class_list":["post-131","page","type-page","status-publish","hentry"],"acf":[],"yoast_head":"<!-- This site is optimized with the Yoast SEO plugin v27.2 - https:\/\/yoast.com\/product\/yoast-seo-wordpress\/ -->\n<title>Cookie T\u00e1j\u00e9koztat\u00f3 - AG Tit\u00e1n<\/title>\n<meta name=\"robots\" content=\"noindex, nofollow\" \/>\n<meta property=\"og:locale\" content=\"en_GB\" \/>\n<meta property=\"og:type\" content=\"article\" \/>\n<meta property=\"og:title\" content=\"Cookie T\u00e1j\u00e9koztat\u00f3 - AG Tit\u00e1n\" \/>\n<meta property=\"og:url\" content=\"https:\/\/agtitan.hu\/en\/cookie-tajekoztato\/\" \/>\n<meta property=\"og:site_name\" content=\"AG Tit\u00e1n\" \/>\n<meta property=\"article:modified_time\" content=\"2023-08-02T08:22:26+00:00\" \/>\n<meta name=\"twitter:card\" content=\"summary_large_image\" \/>\n<script type=\"application\/ld+json\" class=\"yoast-schema-graph\">{\"@context\":\"https:\/\/schema.org\",\"@graph\":[{\"@type\":\"WebPage\",\"@id\":\"https:\/\/agtitan.hu\/cookie-tajekoztato\/\",\"url\":\"https:\/\/agtitan.hu\/cookie-tajekoztato\/\",\"name\":\"Cookie T\u00e1j\u00e9koztat\u00f3 - AG Tit\u00e1n\",\"isPartOf\":{\"@id\":\"https:\/\/agtitan.hu\/#website\"},\"datePublished\":\"2023-03-28T18:30:21+00:00\",\"dateModified\":\"2023-08-02T08:22:26+00:00\",\"breadcrumb\":{\"@id\":\"https:\/\/agtitan.hu\/cookie-tajekoztato\/#breadcrumb\"},\"inLanguage\":\"en-GB\",\"potentialAction\":[{\"@type\":\"ReadAction\",\"target\":[\"https:\/\/agtitan.hu\/cookie-tajekoztato\/\"]}]},{\"@type\":\"BreadcrumbList\",\"@id\":\"https:\/\/agtitan.hu\/cookie-tajekoztato\/#breadcrumb\",\"itemListElement\":[{\"@type\":\"ListItem\",\"position\":1,\"name\":\"Home\",\"item\":\"https:\/\/agtitan.hu\/\"},{\"@type\":\"ListItem\",\"position\":2,\"name\":\"Cookie T\u00e1j\u00e9koztat\u00f3\"}]},{\"@type\":\"WebSite\",\"@id\":\"https:\/\/agtitan.hu\/#website\",\"url\":\"https:\/\/agtitan.hu\/\",\"name\":\"AG Tit\u00e1n\",\"description\":\"AG Tit\u00e1n\",\"potentialAction\":[{\"@type\":\"SearchAction\",\"target\":{\"@type\":\"EntryPoint\",\"urlTemplate\":\"https:\/\/agtitan.hu\/?s={search_term_string}\"},\"query-input\":{\"@type\":\"PropertyValueSpecification\",\"valueRequired\":true,\"valueName\":\"search_term_string\"}}],\"inLanguage\":\"en-GB\"}]}<\/script>\n<!-- \/ Yoast SEO plugin. -->","yoast_head_json":{"title":"Cookie T\u00e1j\u00e9koztat\u00f3 - AG Tit\u00e1n","robots":{"index":"noindex","follow":"nofollow"},"og_locale":"en_GB","og_type":"article","og_title":"Cookie T\u00e1j\u00e9koztat\u00f3 - AG Tit\u00e1n","og_url":"https:\/\/agtitan.hu\/en\/cookie-tajekoztato\/","og_site_name":"AG Tit\u00e1n","article_modified_time":"2023-08-02T08:22:26+00:00","twitter_card":"summary_large_image","schema":{"@context":"https:\/\/schema.org","@graph":[{"@type":"WebPage","@id":"https:\/\/agtitan.hu\/cookie-tajekoztato\/","url":"https:\/\/agtitan.hu\/cookie-tajekoztato\/","name":"Cookie T\u00e1j\u00e9koztat\u00f3 - AG Tit\u00e1n","isPartOf":{"@id":"https:\/\/agtitan.hu\/#website"},"datePublished":"2023-03-28T18:30:21+00:00","dateModified":"2023-08-02T08:22:26+00:00","breadcrumb":{"@id":"https:\/\/agtitan.hu\/cookie-tajekoztato\/#breadcrumb"},"inLanguage":"en-GB","potentialAction":[{"@type":"ReadAction","target":["https:\/\/agtitan.hu\/cookie-tajekoztato\/"]}]},{"@type":"BreadcrumbList","@id":"https:\/\/agtitan.hu\/cookie-tajekoztato\/#breadcrumb","itemListElement":[{"@type":"ListItem","position":1,"name":"Home","item":"https:\/\/agtitan.hu\/"},{"@type":"ListItem","position":2,"name":"Cookie T\u00e1j\u00e9koztat\u00f3"}]},{"@type":"WebSite","@id":"https:\/\/agtitan.hu\/#website","url":"https:\/\/agtitan.hu\/","name":"AG Tit\u00e1n","description":"AG Tit\u00e1n","potentialAction":[{"@type":"SearchAction","target":{"@type":"EntryPoint","urlTemplate":"https:\/\/agtitan.hu\/?s={search_term_string}"},"query-input":{"@type":"PropertyValueSpecification","valueRequired":true,"valueName":"search_term_string"}}],"inLanguage":"en-GB"}]}},"_links":{"self":[{"href":"https:\/\/agtitan.hu\/en\/wp-json\/wp\/v2\/pages\/131","targetHints":{"allow":["GET"]}}],"collection":[{"href":"https:\/\/agtitan.hu\/en\/wp-json\/wp\/v2\/pages"}],"about":[{"href":"https:\/\/agtitan.hu\/en\/wp-json\/wp\/v2\/types\/page"}],"author":[{"embeddable":true,"href":"https:\/\/agtitan.hu\/en\/wp-json\/wp\/v2\/users\/2"}],"replies":[{"embeddable":true,"href":"https:\/\/agtitan.hu\/en\/wp-json\/wp\/v2\/comments?post=131"}],"version-history":[{"count":1,"href":"https:\/\/agtitan.hu\/en\/wp-json\/wp\/v2\/pages\/131\/revisions"}],"predecessor-version":[{"id":132,"href":"https:\/\/agtitan.hu\/en\/wp-json\/wp\/v2\/pages\/131\/revisions\/132"}],"wp:attachment":[{"href":"https:\/\/agtitan.hu\/en\/wp-json\/wp\/v2\/media?parent=131"}],"curies":[{"name":"wp","href":"https:\/\/api.w.org\/{rel}","templated":true}]}}